{"id":325,"date":"2023-11-30T01:00:19","date_gmt":"2023-11-30T01:00:19","guid":{"rendered":"https:\/\/ivasa.com.gt\/?post_type=product&#038;p=325"},"modified":"2024-01-09T14:36:01","modified_gmt":"2024-01-09T14:36:01","slug":"transporte","status":"publish","type":"product","link":"https:\/\/ivasa.com.gt\/?product=transporte","title":{"rendered":"Transporte"},"content":{"rendered":"<p>Son maquinas dise\u00f1adas para mover mercanc\u00edas, materiales u otros objetos de un punto a otro de forma eficiente y segura.<br \/>\nSomos expertos en el dise\u00f1o, fabricaci\u00f3n y montaje de los equipos enlistados a continuaci\u00f3n:\u200b<br \/>\n<br \/><\/br><\/p>\n<ul>\n<li>Transportadores de rodillos<\/li>\n<li>Transportadores helicoidales o tornillo<\/li>\n<li>Transportadores de arrastre<\/li>\n<li>Elevadores de cangilones<\/li>\n<li>Elevadores de carga<\/li>\n<\/ul>\n","protected":false},"excerpt":{"rendered":"<p>Son maquinas dise\u00f1adas para mover mercanc\u00edas, materiales u otros objetos de un punto a otro de forma eficiente y segura. Somos expertos en el dise\u00f1o, fabricaci\u00f3n y montaje de los equipos enlistados a continuaci\u00f3n:\u200b Transportadores de rodillos Transportadores helicoidales o tornillo Transportadores de arrastre Elevadores de cangilones Elevadores de carga<\/p>\n","protected":false},"featured_media":454,"template":"","meta":[],"product_cat":[23],"product_tag":[],"_links":{"self":[{"href":"https:\/\/ivasa.com.gt\/index.php?rest_route=\/wp\/v2\/product\/325"}],"collection":[{"href":"https:\/\/ivasa.com.gt\/index.php?rest_route=\/wp\/v2\/product"}],"about":[{"href":"https:\/\/ivasa.com.gt\/index.php?rest_route=\/wp\/v2\/types\/product"}],"version-history":[{"count":3,"href":"https:\/\/ivasa.com.gt\/index.php?rest_route=\/wp\/v2\/product\/325\/revisions"}],"predecessor-version":[{"id":605,"href":"https:\/\/ivasa.com.gt\/index.php?rest_route=\/wp\/v2\/product\/325\/revisions\/605"}],"wp:featuredmedia":[{"embeddable":true,"href":"https:\/\/ivasa.com.gt\/index.php?rest_route=\/wp\/v2\/media\/454"}],"wp:attachment":[{"href":"https:\/\/ivasa.com.gt\/index.php?rest_route=%2Fwp%2Fv2%2Fmedia&parent=325"}],"wp:term":[{"taxonomy":"product_cat","embeddable":true,"href":"https:\/\/ivasa.com.gt\/index.php?rest_route=%2Fwp%2Fv2%2Fproduct_cat&post=325"},{"taxonomy":"product_tag","embeddable":true,"href":"https:\/\/ivasa.com.gt\/index.php?rest_route=%2Fwp%2Fv2%2Fproduct_tag&post=325"}],"curies":[{"name":"wp","href":"https:\/\/api.w.org\/{rel}","templated":true}]}}