{"id":460,"date":"2023-12-01T13:24:56","date_gmt":"2023-12-01T13:24:56","guid":{"rendered":"https:\/\/ivasa.com.gt\/?post_type=product&#038;p=460"},"modified":"2024-01-09T14:50:46","modified_gmt":"2024-01-09T14:50:46","slug":"ventilacion-y-transporte-neumatico","status":"publish","type":"product","link":"https:\/\/ivasa.com.gt\/?product=ventilacion-y-transporte-neumatico","title":{"rendered":"Ventilaci\u00f3n y Transporte Neum\u00e1tico"},"content":{"rendered":"<p>Los sistemas de ventilaci\u00f3n son cruciales para mantener un ambiente saludable y c\u00f3modo al proporcionar un intercambio controlado d e aire. Existen distintos tipos de sistemas de ventilaci\u00f3n como los son: El tiro por chimeneas, sistemas de extracci\u00f3n, sistemas de inyecci\u00f3n, sistemas de recuperaci\u00f3n de calor o sistemas de ventilaci\u00f3n localizada.<br \/>\n<br \/><\/br><br \/>\nLos sistemas de transporte neum\u00e1ticos utilizan la presi\u00f3n del aire para transportar materiales a trav\u00e9s de tuber\u00edas o conductos. Estos sistemas son com\u00fanmente utilizados en la industria<br \/>\npara mover polvos, granos, gr\u00e1nulos y otros materiales a granel de manera eficiente. Existen dos tipos principales y son: transporte por presi\u00f3n y transporte por succi\u00f3n (vac\u00edo).<br \/>\n<br \/><\/br><br \/>\nOfrecemos los siguientes sistemas y equipos para ventilaci\u00f3n y transporte neum\u00e1tico<br \/>\n<br \/><\/br><\/p>\n<ul>\n<li>Ventiladores industriales<\/li>\n<li>Colectores (Ciclones)<\/li>\n<li>Chimeneas<\/li>\n<li>Campanas de extracci\u00f3n<\/li>\n<li>Dampers<\/li>\n<li>L\u00edneas d e Ductos<\/li>\n<\/ul>\n","protected":false},"excerpt":{"rendered":"<p>Los sistemas de ventilaci\u00f3n son cruciales para mantener un ambiente saludable y c\u00f3modo al proporcionar un intercambio controlado d e aire. Existen distintos tipos de sistemas de ventilaci\u00f3n como los son: El tiro por chimeneas, sistemas de extracci\u00f3n, sistemas de inyecci\u00f3n, sistemas de recuperaci\u00f3n de calor o sistemas de ventilaci\u00f3n localizada. Los sistemas de transporte [&hellip;]<\/p>\n","protected":false},"featured_media":461,"template":"","meta":[],"product_cat":[23],"product_tag":[],"_links":{"self":[{"href":"https:\/\/ivasa.com.gt\/index.php?rest_route=\/wp\/v2\/product\/460"}],"collection":[{"href":"https:\/\/ivasa.com.gt\/index.php?rest_route=\/wp\/v2\/product"}],"about":[{"href":"https:\/\/ivasa.com.gt\/index.php?rest_route=\/wp\/v2\/types\/product"}],"version-history":[{"count":3,"href":"https:\/\/ivasa.com.gt\/index.php?rest_route=\/wp\/v2\/product\/460\/revisions"}],"predecessor-version":[{"id":611,"href":"https:\/\/ivasa.com.gt\/index.php?rest_route=\/wp\/v2\/product\/460\/revisions\/611"}],"wp:featuredmedia":[{"embeddable":true,"href":"https:\/\/ivasa.com.gt\/index.php?rest_route=\/wp\/v2\/media\/461"}],"wp:attachment":[{"href":"https:\/\/ivasa.com.gt\/index.php?rest_route=%2Fwp%2Fv2%2Fmedia&parent=460"}],"wp:term":[{"taxonomy":"product_cat","embeddable":true,"href":"https:\/\/ivasa.com.gt\/index.php?rest_route=%2Fwp%2Fv2%2Fproduct_cat&post=460"},{"taxonomy":"product_tag","embeddable":true,"href":"https:\/\/ivasa.com.gt\/index.php?rest_route=%2Fwp%2Fv2%2Fproduct_tag&post=460"}],"curies":[{"name":"wp","href":"https:\/\/api.w.org\/{rel}","templated":true}]}}