{"id":469,"date":"2023-12-01T13:27:55","date_gmt":"2023-12-01T13:27:55","guid":{"rendered":"https:\/\/ivasa.com.gt\/?post_type=product&#038;p=469"},"modified":"2024-01-09T14:37:42","modified_gmt":"2024-01-09T14:37:42","slug":"ventilacion-y-transporte-neumatico-copy","status":"publish","type":"product","link":"https:\/\/ivasa.com.gt\/?product=ventilacion-y-transporte-neumatico-copy","title":{"rendered":"Almacenamiento"},"content":{"rendered":"<p>En la industria son necesarios elementos que permitan organizar y almacenar productos a granel en grandes cantidades. El acero es un material con excelentes propiedades para esta aplicaci\u00f3n y se emplea en silos, tolvas, tanques y otros. Tienen gran aplicaci\u00f3n para el resguardo de granos, harinas, minerales, qu\u00edmicos, combustibles, lubricantes, etc.<br \/>\n<br \/><\/br><br \/>\nSu dise\u00f1o y fabricaci\u00f3n depender\u00e1 del tipo de material, condiciones de almacenamiento necesarias y la facilidad de acceso o manipulaci\u00f3n que se requiera. Somos expertos en dise\u00f1o, fabricaci\u00f3n y montaje de los siguientes elementos:<br \/>\n<br \/><\/br><\/p>\n<ul>\n<li>Tanques<\/li>\n<li>Silos<\/li>\n<li>Tolvas<\/li>\n<li>Cisternas<\/li>\n<\/ul>\n","protected":false},"excerpt":{"rendered":"<p>En la industria son necesarios elementos que permitan organizar y almacenar productos a granel en grandes cantidades. El acero es un material con excelentes propiedades para esta aplicaci\u00f3n y se emplea en silos, tolvas, tanques y otros. Tienen gran aplicaci\u00f3n para el resguardo de granos, harinas, minerales, qu\u00edmicos, combustibles, lubricantes, etc. Su dise\u00f1o y fabricaci\u00f3n [&hellip;]<\/p>\n","protected":false},"featured_media":470,"template":"","meta":[],"product_cat":[23],"product_tag":[],"_links":{"self":[{"href":"https:\/\/ivasa.com.gt\/index.php?rest_route=\/wp\/v2\/product\/469"}],"collection":[{"href":"https:\/\/ivasa.com.gt\/index.php?rest_route=\/wp\/v2\/product"}],"about":[{"href":"https:\/\/ivasa.com.gt\/index.php?rest_route=\/wp\/v2\/types\/product"}],"version-history":[{"count":3,"href":"https:\/\/ivasa.com.gt\/index.php?rest_route=\/wp\/v2\/product\/469\/revisions"}],"predecessor-version":[{"id":607,"href":"https:\/\/ivasa.com.gt\/index.php?rest_route=\/wp\/v2\/product\/469\/revisions\/607"}],"wp:featuredmedia":[{"embeddable":true,"href":"https:\/\/ivasa.com.gt\/index.php?rest_route=\/wp\/v2\/media\/470"}],"wp:attachment":[{"href":"https:\/\/ivasa.com.gt\/index.php?rest_route=%2Fwp%2Fv2%2Fmedia&parent=469"}],"wp:term":[{"taxonomy":"product_cat","embeddable":true,"href":"https:\/\/ivasa.com.gt\/index.php?rest_route=%2Fwp%2Fv2%2Fproduct_cat&post=469"},{"taxonomy":"product_tag","embeddable":true,"href":"https:\/\/ivasa.com.gt\/index.php?rest_route=%2Fwp%2Fv2%2Fproduct_tag&post=469"}],"curies":[{"name":"wp","href":"https:\/\/api.w.org\/{rel}","templated":true}]}}