{"id":478,"date":"2023-12-01T13:28:11","date_gmt":"2023-12-01T13:28:11","guid":{"rendered":"https:\/\/ivasa.com.gt\/?post_type=product&#038;p=478"},"modified":"2024-01-09T14:38:31","modified_gmt":"2024-01-09T14:38:31","slug":"elementos-estructurales","status":"publish","type":"product","link":"https:\/\/ivasa.com.gt\/?product=elementos-estructurales","title":{"rendered":"Elementos Estructurales"},"content":{"rendered":"<p>Los elementos estructurales de acero son componentes esenciales en la construcci\u00f3n de edificaciones y estructuras. El acero es un material vers\u00e1til y resistente que se utiliza para proporcionar soporte y estabilidad a diferentes tipos de construcciones.<br \/>\n<br \/><\/br><br \/>\nEstos elementos estructurales se combinan para formar sistemas estructurales complejos y cumplir con los requisitos espec\u00edficos de cada proyecto. La elecci\u00f3n de los elementos depende de factores como la carga estructural, la funci\u00f3n del edificio, las condiciones ambientales y los c\u00f3digos de construcci\u00f3n aplicables.<br \/>\n<br \/><\/br><br \/>\nContamos con maquinaria, equipo y capacidad para fabricar una amplia variedad de elementos estructurales, as\u00ed como apoyar en el dise\u00f1o de su proyecto. Dise\u00f1amos, fabricamos y montamos los siquientes elementos:<br \/>\n<br \/><\/br><\/p>\n<ul>\n<li>Naves industriales<\/li>\n<li>Cubiertas met\u00e1licas<\/li>\n<li>Mezanines<\/li>\n<li>Estructuras para soporte de equipos<\/li>\n<li>Pernos d e Anclaje<\/li>\n<li>Fabricaci\u00f3n de placas perforadas para uniones pernadas<\/li>\n<\/ul>\n","protected":false},"excerpt":{"rendered":"<p>Los elementos estructurales de acero son componentes esenciales en la construcci\u00f3n de edificaciones y estructuras. El acero es un material vers\u00e1til y resistente que se utiliza para proporcionar soporte y estabilidad a diferentes tipos de construcciones. Estos elementos estructurales se combinan para formar sistemas estructurales complejos y cumplir con los requisitos espec\u00edficos de cada proyecto. [&hellip;]<\/p>\n","protected":false},"featured_media":479,"template":"","meta":[],"product_cat":[23],"product_tag":[],"_links":{"self":[{"href":"https:\/\/ivasa.com.gt\/index.php?rest_route=\/wp\/v2\/product\/478"}],"collection":[{"href":"https:\/\/ivasa.com.gt\/index.php?rest_route=\/wp\/v2\/product"}],"about":[{"href":"https:\/\/ivasa.com.gt\/index.php?rest_route=\/wp\/v2\/types\/product"}],"version-history":[{"count":2,"href":"https:\/\/ivasa.com.gt\/index.php?rest_route=\/wp\/v2\/product\/478\/revisions"}],"predecessor-version":[{"id":608,"href":"https:\/\/ivasa.com.gt\/index.php?rest_route=\/wp\/v2\/product\/478\/revisions\/608"}],"wp:featuredmedia":[{"embeddable":true,"href":"https:\/\/ivasa.com.gt\/index.php?rest_route=\/wp\/v2\/media\/479"}],"wp:attachment":[{"href":"https:\/\/ivasa.com.gt\/index.php?rest_route=%2Fwp%2Fv2%2Fmedia&parent=478"}],"wp:term":[{"taxonomy":"product_cat","embeddable":true,"href":"https:\/\/ivasa.com.gt\/index.php?rest_route=%2Fwp%2Fv2%2Fproduct_cat&post=478"},{"taxonomy":"product_tag","embeddable":true,"href":"https:\/\/ivasa.com.gt\/index.php?rest_route=%2Fwp%2Fv2%2Fproduct_tag&post=478"}],"curies":[{"name":"wp","href":"https:\/\/api.w.org\/{rel}","templated":true}]}}