{"id":492,"date":"2023-12-01T13:32:53","date_gmt":"2023-12-01T13:32:53","guid":{"rendered":"https:\/\/ivasa.com.gt\/?post_type=product&#038;p=492"},"modified":"2024-01-09T14:49:46","modified_gmt":"2024-01-09T14:49:46","slug":"tuberias-y-conductos","status":"publish","type":"product","link":"https:\/\/ivasa.com.gt\/?product=tuberias-y-conductos","title":{"rendered":"Tuber\u00edas y Conductos"},"content":{"rendered":"<p>Las l\u00edneas de tuber\u00eda de acero son sistemas de conducci\u00f3n utilizados para<br \/>\ntransportar diversos fluidos, como agua, gas, petr\u00f3leo, productos qu\u00edmicos, entre otros.<br \/>\n<br \/><\/br><br \/>\nLa elecci\u00f3n del tipo de tuber\u00eda de acero depender\u00e1 de las caracter\u00edsticas del fluido que se transporta, las condiciones operativas, la presi\u00f3n y temperatura, y los requisitos espec\u00edficos del proyecto.<br \/>\n<br \/><\/br><br \/>\nContamos con amplia experiencia en la instalaci\u00f3n de l\u00edneas de tuber\u00eda roscada y soldada, para una amplia variedad de aplicaciones. Trabajamos tuber\u00edas de acero al carb\u00f3n, galvanizado, acero inoxidable y aluminio. A continuaci\u00f3n, se presentan algunas aplicaciones<br \/>\n<br \/><\/br><\/p>\n<ul>\n<li>Vapor y condensado<\/li>\n<li>Aceite t\u00e9rmico<\/li>\n<li>Aire comprimido<\/li>\n<li>Amoniaco<\/li>\n<li>Agua<\/li>\n<li>Manifolds de distribuci\u00f3n<\/li>\n<\/ul>\n","protected":false},"excerpt":{"rendered":"<p>Las l\u00edneas de tuber\u00eda de acero son sistemas de conducci\u00f3n utilizados para transportar diversos fluidos, como agua, gas, petr\u00f3leo, productos qu\u00edmicos, entre otros. La elecci\u00f3n del tipo de tuber\u00eda de acero depender\u00e1 de las caracter\u00edsticas del fluido que se transporta, las condiciones operativas, la presi\u00f3n y temperatura, y los requisitos espec\u00edficos del proyecto. Contamos con [&hellip;]<\/p>\n","protected":false},"featured_media":493,"template":"","meta":[],"product_cat":[23],"product_tag":[],"_links":{"self":[{"href":"https:\/\/ivasa.com.gt\/index.php?rest_route=\/wp\/v2\/product\/492"}],"collection":[{"href":"https:\/\/ivasa.com.gt\/index.php?rest_route=\/wp\/v2\/product"}],"about":[{"href":"https:\/\/ivasa.com.gt\/index.php?rest_route=\/wp\/v2\/types\/product"}],"version-history":[{"count":3,"href":"https:\/\/ivasa.com.gt\/index.php?rest_route=\/wp\/v2\/product\/492\/revisions"}],"predecessor-version":[{"id":610,"href":"https:\/\/ivasa.com.gt\/index.php?rest_route=\/wp\/v2\/product\/492\/revisions\/610"}],"wp:featuredmedia":[{"embeddable":true,"href":"https:\/\/ivasa.com.gt\/index.php?rest_route=\/wp\/v2\/media\/493"}],"wp:attachment":[{"href":"https:\/\/ivasa.com.gt\/index.php?rest_route=%2Fwp%2Fv2%2Fmedia&parent=492"}],"wp:term":[{"taxonomy":"product_cat","embeddable":true,"href":"https:\/\/ivasa.com.gt\/index.php?rest_route=%2Fwp%2Fv2%2Fproduct_cat&post=492"},{"taxonomy":"product_tag","embeddable":true,"href":"https:\/\/ivasa.com.gt\/index.php?rest_route=%2Fwp%2Fv2%2Fproduct_tag&post=492"}],"curies":[{"name":"wp","href":"https:\/\/api.w.org\/{rel}","templated":true}]}}