{"id":500,"date":"2023-12-01T13:35:16","date_gmt":"2023-12-01T13:35:16","guid":{"rendered":"https:\/\/ivasa.com.gt\/?post_type=product&#038;p=500"},"modified":"2023-12-01T13:36:39","modified_gmt":"2023-12-01T13:36:39","slug":"otros-equipos","status":"publish","type":"product","link":"https:\/\/ivasa.com.gt\/?product=otros-equipos","title":{"rendered":"Otros Equipos"},"content":{"rendered":"<p>Dadas las necesidades de la industria y de nuestros clientes, hemos<br \/>\ndesarrollado proyectos en donde se han dise\u00f1ado y fabricado equipos, l\u00edneas de proceso y maquinas especiales, que cubren las necesidades espec\u00edficas de nuestros clientes.<\/p>\n<p>Nuestra amplia variedad de equipos y tecnolog\u00eda para procesar acero nos permiten dise\u00f1ar y fabricar una amplia variedad de equipos, como los que se enlistan a continuaci\u00f3n:<\/p>\n<ul>\n<li>Vapor y condensado<\/li>\n<li>Aceite t\u00e9rmico<\/li>\n<li>Aire comprimido<\/li>\n<li>Amoniaco<\/li>\n<li>Agua<\/li>\n<li>Manifolds de distribuci\u00f3n<\/li>\n<\/ul>\n","protected":false},"excerpt":{"rendered":"<p>Dadas las necesidades de la industria y de nuestros clientes, hemos desarrollado proyectos en donde se han dise\u00f1ado y fabricado equipos, l\u00edneas de proceso y maquinas especiales, que cubren las necesidades espec\u00edficas de nuestros clientes. Nuestra amplia variedad de equipos y tecnolog\u00eda para procesar acero nos permiten dise\u00f1ar y fabricar una amplia variedad de equipos, [&hellip;]<\/p>\n","protected":false},"featured_media":501,"template":"","meta":[],"product_cat":[23],"product_tag":[],"_links":{"self":[{"href":"https:\/\/ivasa.com.gt\/index.php?rest_route=\/wp\/v2\/product\/500"}],"collection":[{"href":"https:\/\/ivasa.com.gt\/index.php?rest_route=\/wp\/v2\/product"}],"about":[{"href":"https:\/\/ivasa.com.gt\/index.php?rest_route=\/wp\/v2\/types\/product"}],"version-history":[{"count":1,"href":"https:\/\/ivasa.com.gt\/index.php?rest_route=\/wp\/v2\/product\/500\/revisions"}],"predecessor-version":[{"id":508,"href":"https:\/\/ivasa.com.gt\/index.php?rest_route=\/wp\/v2\/product\/500\/revisions\/508"}],"wp:featuredmedia":[{"embeddable":true,"href":"https:\/\/ivasa.com.gt\/index.php?rest_route=\/wp\/v2\/media\/501"}],"wp:attachment":[{"href":"https:\/\/ivasa.com.gt\/index.php?rest_route=%2Fwp%2Fv2%2Fmedia&parent=500"}],"wp:term":[{"taxonomy":"product_cat","embeddable":true,"href":"https:\/\/ivasa.com.gt\/index.php?rest_route=%2Fwp%2Fv2%2Fproduct_cat&post=500"},{"taxonomy":"product_tag","embeddable":true,"href":"https:\/\/ivasa.com.gt\/index.php?rest_route=%2Fwp%2Fv2%2Fproduct_tag&post=500"}],"curies":[{"name":"wp","href":"https:\/\/api.w.org\/{rel}","templated":true}]}}